{"id":10070,"date":"2020-12-19T09:40:14","date_gmt":"2020-12-19T09:40:14","guid":{"rendered":"https:\/\/aksozmakina.com\/flexible-cable-flats\/"},"modified":"2021-02-22T10:12:32","modified_gmt":"2021-02-22T10:12:32","slug":"flexible-cable-flats","status":"publish","type":"page","link":"https:\/\/aksoz.com.tr\/fr\/flexible-cable-flats\/","title":{"rendered":"COINS FLEXIBLES"},"content":{"rendered":"[vc_row][vc_column offset=&#8221;vc_hidden-lg&#8221;][vc_column_text]<div class=\"menu-kategoriler-fr-container\"><select class=\"mip-drop-nav\"><option value=\"#\">cat\u00e9gories<\/option><option value=\"https:\/\/aksoz.com.tr\/fr\/overspeed-governors\/\">REGULATEURS D\u2019ASCENSEUR<\/option>\n<option value=\"https:\/\/aksoz.com.tr\/fr\/pulleys-and-accessories\/\">POULIES D\u2019ASCENSEUR<\/option>\n<option value=\"https:\/\/aksoz.com.tr\/fr\/rope-attachments\/\">FIXATION DE CORDE ASCENSEUR<\/option>\n<option value=\"https:\/\/aksoz.com.tr\/fr\/tampon-et-accessoires\/\">TAMPON D\u2019HUILE POUR ASCENSEUR & ACCESSOIRES<\/option>\n<option value=\"https:\/\/aksoz.com.tr\/fr\/safety-gears\/\">\u00c9QUIPEMENT DE S\u00c9CURIT\u00c9 ASCENSEUR<\/option>\n<option value=\"https:\/\/aksoz.com.tr\/fr\/compensation-chain-and-accessories\/\">CHA\u00ceNE DE COMPENSATION D\u2019ASCENSEUR<\/option>\n<option value=\"https:\/\/aksoz.com.tr\/fr\/guide-shoes\/\">SABOT DE GUIDAGE D\u2019ASCENSEUR<\/option>\n<option value=\"https:\/\/aksoz.com.tr\/fr\/flexible-cable-flats\/\">COINS FLEXIBLES<\/option>\n<option value=\"https:\/\/aksoz.com.tr\/fr\/lubricators\/\">BURETTE A HUILE<\/option>\n<option value=\"https:\/\/aksoz.com.tr\/fr\/rail-clip\/\">RAIL DE GUIDAGE D\u2019ASCENSEUR<\/option>\n<option value=\"https:\/\/aksoz.com.tr\/fr\/rope-holder\/\">SUPPORT DE CORDE POUR ASCENSEUR<\/option>\n<option value=\"https:\/\/aksoz.com.tr\/fr\/lift-landing-door-retiring-cam\/\">CAME DE RETIRAGE DE LA PORTE PALI\u00c8RE<\/option>\n<\/select><\/div>[\/vc_column_text][\/vc_column][\/vc_row][vc_row][vc_column width=&#8221;1\/4&#8243; el_class=&#8221;wdgt&#8221;][vc_wp_custommenu nav_menu=&#8221;71&#8243;][\/vc_column][vc_column width=&#8221;3\/4&#8243;][vc_custom_heading source=&#8221;post_title&#8221; use_theme_fonts=&#8221;yes&#8221;][vc_basic_grid post_type=&#8221;ids&#8221; item=&#8221;6988&#8243; grid_id=&#8221;vc_gid:1610785994080-65459d7f-26f0-9&#8243; include=&#8221;7725, 7728, 7732, 7735, 7738&#8243;][\/vc_column][\/vc_row]\n","protected":false},"excerpt":{"rendered":"<p>[vc_row][vc_column offset=&#8221;vc_hidden-lg&#8221;][vc_column_text][\/vc_column_text][\/vc_column][\/vc_row][vc_row][vc_column width=&#8221;1\/4&#8243; el_class=&#8221;wdgt&#8221;][vc_wp_custommenu nav_menu=&#8221;71&#8243;][\/vc_column][vc_column width=&#8221;3\/4&#8243;][vc_custom_heading source=&#8221;post_title&#8221; use_theme_fonts=&#8221;yes&#8221;][vc_basic_grid post_type=&#8221;ids&#8221; item=&#8221;6988&#8243; grid_id=&#8221;vc_gid:1610785994080-65459d7f-26f0-9&#8243; include=&#8221;7725, 7728, 7732, 7735, 7738&#8243;][\/vc_column][\/vc_row]<\/p>\n","protected":false},"author":1,"featured_media":14419,"parent":0,"menu_order":0,"comment_status":"closed","ping_status":"closed","template":"","meta":[],"_links":{"self":[{"href":"https:\/\/aksoz.com.tr\/fr\/wp-json\/wp\/v2\/pages\/10070\/"}],"collection":[{"href":"https:\/\/aksoz.com.tr\/fr\/wp-json\/wp\/v2\/pages\/"}],"about":[{"href":"https:\/\/aksoz.com.tr\/fr\/wp-json\/wp\/v2\/types\/page\/"}],"author":[{"embeddable":true,"href":"https:\/\/aksoz.com.tr\/fr\/wp-json\/wp\/v2\/users\/1\/"}],"replies":[{"embeddable":true,"href":"https:\/\/aksoz.com.tr\/fr\/wp-json\/wp\/v2\/comments\/?post=10070"}],"version-history":[{"count":0,"href":"https:\/\/aksoz.com.tr\/fr\/wp-json\/wp\/v2\/pages\/10070\/revisions\/"}],"wp:featuredmedia":[{"embeddable":true,"href":"https:\/\/aksoz.com.tr\/fr\/wp-json\/wp\/v2\/media\/14419\/"}],"wp:attachment":[{"href":"https:\/\/aksoz.com.tr\/fr\/wp-json\/wp\/v2\/media\/?parent=10070"}],"curies":[{"name":"wp","href":"https:\/\/api.w.org\/{rel}","templated":true}]}}